{"id":516,"date":"2024-05-13T08:57:46","date_gmt":"2024-05-13T08:57:46","guid":{"rendered":"https:\/\/kink-knack.com\/?post_type=product&#038;p=516"},"modified":"2026-02-01T23:11:03","modified_gmt":"2026-02-01T22:11:03","slug":"secondskin-cage","status":"publish","type":"product","link":"https:\/\/kink-knack.com\/de\/produkt\/secondskin-cage\/","title":{"rendered":"SecondSkin K\u00e4fig"},"content":{"rendered":"<h4>Konzept<\/h4>\n<p>The SecondSkin is a shibari-inspired full chastity belt with a focus on comfort for everyday wear. Its unique flexible cable system makes the belt perfectly follow your anatomical lines, giving a tight and secure feeling, while not hindering your everyday movements. At the same time, the parallel wires distribute the pressure evenly to a wide area to avoid pressure points. With long-time wearing in mind, the SecondSkin puts special attention to hygiene: the parallel wires of the belt allow air circulation to reduce sweating, and the penis cage is perforated, allowing for easy cleaning and drying. The split crotch cable options leave the anus free for normal toilet usage (but you can still add your favorite toys).<\/p>\n<p>Egal, ob Du den SecondSkin um die H\u00fcfte oder Taille tr\u00e4gst, wenn er mal abgeschlossen ist, wird er jeglichen Anflug von Erektionen unterbinden. Der speziell geformte K\u00e4fig stellt sicher, dass Erektionen im KG nicht schmerzhaft sind, und die ergonomische Kabelf\u00fchrung um die Hoden verhindern ein schmerzhaftes Ziehen an den Hoden. Die L\u00f6cher der Perforierung im K\u00e4fig sind gross genug, um Luftzirkulation zu erm\u00f6glichen, aber klein genug, damit keine Penishaut durchgedr\u00fcckt wird. So wird keine Haut unangenehm eingeklemmt! Du wirst einfach die Restriktion von unnachgiebigem Metall sp\u00fcren, dass deinen Penis umschliesst. Geniesse die Bondage und Frustration.<\/p>\n<p>&nbsp;<\/p>\n<h4>Welcher Stil ist der beste?<\/h4>\n<p>BITTE LIES DIE DETAILLIERTEN BESCHREIBUNGEN DER STILE IM HAUPTMENU.<\/p>\n<p>Der SecondSkin ist in 4 unterschiedlichen Stilen erh\u00e4ltlich: 2 verschiedene G\u00fcrtelh\u00f6hen (H\u00fcfte\/Taille) und 2 verschiedene Schrittkabelf\u00fchrungen (Jockstrap\/Tanga).<\/p>\n<p>H\u00fcfte: Die H\u00fcftversion erm\u00f6glicht Dir die gr\u00f6sste Bewegungsfreiheit, weil die Bewegung des Oberk\u00f6rpers haupts\u00e4chlich den Torso \u00fcber den H\u00fcften involviert. Stell Dir vor, wo du Deinen normalen Hoseng\u00fcrtel tr\u00e4gst, und wie du ihn normalerweise nicht sp\u00fcrst.<\/p>\n<p>Taille: Du wirst den G\u00fcrtel mehr sp\u00fcren, wenn du ihn um die Taille tr\u00e4gst. Der Oberk\u00f6rper bewegt sich hier mehr. Zus\u00e4tzlich wirst Du einen Korsett-Effekt sp\u00fcren, was nat\u00fcrlich beabsichtig sein kann.<\/p>\n<p>Jockstrap: Die Schrittkabel teilen sich beim Damm gleich nach dem K\u00e4fig. Das bedeutet, dass der Anus komplett frei bleibt und Toilette Nr. 2 normal funktioniert. Das Steissbein bleibt auch frei. Die Kabel werden dann \u00fcber die Ges\u00e4ssbacken gef\u00fchrt und verbinden sich seitlich mit dem Hauptg\u00fcrtel, wobei auch das Kreuzbein frei bleibt. Beim Sitzen sind die Kabel nicht sp\u00fcrbar.<\/p>\n<p>Tanga: Die Kabel werden l\u00e4nger zusammen gef\u00fchrt und gehen \u00fcber den Anus und das Steissbein. Sie teilen sich erst vor dem Kreuzbein, um die Knochen dort nicht zu belasten. Dieser Stil f\u00fchlt sich anders an und sieht auch anders aus, da das Ges\u00e4ss frei bleibt. F\u00fcr Toilette Nr. 2 kannst du die Schrittkabel etwas zur Seite ziehen.<\/p>\n<p>Unsere Empfehlung ist die Kombination H\u00fcfte\/Jockstrap f\u00fcr die beste Bewegungsfreiheit und Hygiene, aber wir richten uns nat\u00fcrlich gerne nach deinem Lieblingsstil.<\/p>\n<p>Zus\u00e4tzlich zum G\u00fcrtelstil kannst Du auch deine Tubespitze ausw\u00e4hlen. Hier sind ebenfalls 4 Stile erh\u00e4ltlich: perforiert, perforiert vergr\u00f6ssert, Langloch und offen.<\/p>\n<p>Perforiert: Die Perforierung der Tube setzt sich an der Spitze fort. Durch die kleinen L\u00f6cher wird keine Haut gedr\u00fcckt, die irgendwo eingeklemmt werden k\u00f6nnte.<\/p>\n<p>Perforiert vergr\u00f6ssert: F\u00fcr einen verbesserten Abfluss bieten wir diesen Stil an, bei dem die L\u00f6cher gegen die Mitte gr\u00f6sser werden.<\/p>\n<p>Langloch: Das \u00fcbliche Langloch, falls du damit zufrieden bist.<\/p>\n<p>Offen (experimentell): Eine offene Spitze mit mehreren grossen L\u00f6chern, falls mehr Zugang erw\u00fcnscht ist.<\/p>\n<p>Unsere Empfehlung ist die Mesh Perforierung f\u00fcr die h\u00f6chste Sicherheit ohne Einklemmen, aber du entscheidest, welchen Stil du m\u00f6chtest.<\/p>\n<p>Noch ein Wort zu den \"offenen\" Hoden. Die Hoden werden durch ein Loch hinter der Tube gef\u00e4delt, wo sie sich bequem in praktisch ihre nat\u00fcrliche Position begeben. Aufgrund ihrer Temperaturregulierung bewegen sich Hoden normalerweise mehrmals pro Tag vom K\u00f6rper weg oder n\u00e4her zum K\u00f6rper (ein schlaffer oder strammer Hodensack). Der K\u00e4fig schr\u00e4nkt diese Bewegung nicht ein. Das ist eine bewusste Entscheidung, um den K\u00e4fig komfortabler zu machen. Es kann nun aber passieren, dass ein oder beide Hoden tempor\u00e4r aus dem B\u00fcgel \"ausf\u00e4deln\" und sp\u00e4ter wieder einf\u00e4deln. Das ist normal. Falls du dir unsicher bist, wie sich das anf\u00fchlt und ob das bequem ist  f\u00fcr dich, empfehlen wir die Anprobe mit einem Plastik Testk\u00e4fig vor der Bestellung des KGs in Metall.<\/p>\n<p>&nbsp;<\/p>\n<h4>Massgeschneidert<\/h4>\n<p>Der G\u00fcrtel wird auf Deine Masse zugeschnitten. Ein paar Gurtl\u00f6cher erlauben es Dir, den Umfang ein bisschen zu erweitern, solltest du mal ein bisschen mehr Platz brauchen. Der anatomisch geformte K\u00e4fig ist 3D-gedruckt auf genau deine Penis-Masse, um einen passgenauen Sitz zu erreichen. Der K\u00e4fig hat Befestigungsschrauben an beiden Seiten, so dass du die Kabell\u00e4nge \u00fcber und unter dem K\u00e4fig anpassen und ihn so perfekt positionieren kannst.<\/p>\n<p>&nbsp;<\/p>\n<h4>Dauerhafte Materialien<\/h4>\n<p>Die Edelstahlseile sind mit medizinischem Silikon ummantelt. Silikon kann unvertr\u00e4glich sein mit anderen Materialien (z.B. Silikon-\u00d6l). Falls du ein anderes Material m\u00f6chtest, kontaktiere bitte kink-knack.<\/p>\n<p>Alle Metallteile sind aus korrosionsresistentem und hautfreundlichen Edelstahl 316L (\"Chirurgenstahl\"). Das Schloss ist aus Zink\/Nickel.<\/p>\n<p>&nbsp;<\/p>\n<h4>Unsichtbar<\/h4>\n<p>Der SecondSkin wird eng um die H\u00fcfte\/Taille getragen mit einem satten Sitz durch den Schritt. Mit dem ultraflachen Verschlussystem ist der KG komplett unsichtbar unter normaler Kleidung!<\/p>\n<p>&nbsp;<\/p>\n<h4>Zubeh\u00f6r<\/h4>\n<p>Die Befestigungsteile erlauben es dir, deine Lieblingssspielzeuge an den KG anzuschliessen, z.B. Handschellen, Schenkelb\u00e4nder, oder einfach als sonstige Fixierpunkte.<\/p>\n<p>&nbsp;<\/p>\n<h4>Technische Spezifikationen<\/h4>\n<p><strong>K\u00e4fig:<\/strong> 3D-gedruckt in Edelstahl 316L, innen und aussen poliert<\/p>\n<p><strong>Flexibler shibari-style G\u00fcrtel:<\/strong> stainless steel wires covered with medical-grade silicone, 30 mm wide<\/p>\n<p><strong>Einstellungen:<\/strong> G\u00fcrtel einstellbar mit G\u00fcrtell\u00f6chern, Schrittl\u00e4nge einstellbar mit Befestigungsschrauben im K\u00e4fig<\/p>\n<p><strong>Schloss:<\/strong> Push-Pin Tubularschloss mit schl\u00fcssellosem Verschluss, Zink\/Nickel<\/p>\n<p>&nbsp;<\/p>\n<h4>Diskretionsgarantie<\/h4>\n<p>Kink-knack belts are shipped discreetly in plain packaging. We mark our product as &#8216;custom decorative metal belt&#8217; for international customs declaration (see Production &amp; Shipping for details).<\/p>\n<p>&nbsp;<\/p>\n<h4>Wie messen<\/h4>\n<h5>Umfang<\/h5>\n<p><img fetchpriority=\"high\" decoding=\"async\" class=\"wp-image-658 aligncenter\" src=\"https:\/\/kink-knack.com\/wp-content\/uploads\/2024\/05\/hip_waist-300x248.png\" alt=\"\" width=\"400\" height=\"331\" srcset=\"https:\/\/kink-knack.com\/wp-content\/uploads\/2024\/05\/hip_waist-300x248.png 300w, https:\/\/kink-knack.com\/wp-content\/uploads\/2024\/05\/hip_waist-1024x846.png 1024w, https:\/\/kink-knack.com\/wp-content\/uploads\/2024\/05\/hip_waist-768x635.png 768w, https:\/\/kink-knack.com\/wp-content\/uploads\/2024\/05\/hip_waist-1536x1270.png 1536w, https:\/\/kink-knack.com\/wp-content\/uploads\/2024\/05\/hip_waist-600x496.png 600w, https:\/\/kink-knack.com\/wp-content\/uploads\/2024\/05\/hip_waist.png 1741w\" sizes=\"(max-width: 400px) 100vw, 400px\" \/><\/p>\n<p>Um den Umfang des G\u00fcrtels zu messen, nimm ein flexibles Messband und leg es dir dort um den K\u00f6rper, wo du den G\u00fcrtel tragen m\u00f6chtest. Das Messband sollte eng anliegen aber nicht einschneiden. Dann das Mass ablesen (oben: H\u00fcfte 79 cm, unten: Taille 71.5 cm).<\/p>\n<p>&nbsp;<\/p>\n<h5>Schrittl\u00e4nge<\/h5>\n<p><img decoding=\"async\" class=\"wp-image-662 aligncenter\" src=\"https:\/\/kink-knack.com\/wp-content\/uploads\/2024\/05\/jockstrap_thong-300x123.png\" alt=\"\" width=\"800\" height=\"328\" srcset=\"https:\/\/kink-knack.com\/wp-content\/uploads\/2024\/05\/jockstrap_thong-300x123.png 300w, https:\/\/kink-knack.com\/wp-content\/uploads\/2024\/05\/jockstrap_thong-1024x418.png 1024w, https:\/\/kink-knack.com\/wp-content\/uploads\/2024\/05\/jockstrap_thong-768x314.png 768w, https:\/\/kink-knack.com\/wp-content\/uploads\/2024\/05\/jockstrap_thong-1536x627.png 1536w, https:\/\/kink-knack.com\/wp-content\/uploads\/2024\/05\/jockstrap_thong-2048x837.png 2048w, https:\/\/kink-knack.com\/wp-content\/uploads\/2024\/05\/jockstrap_thong-600x245.png 600w\" sizes=\"(max-width: 800px) 100vw, 800px\" \/>Um die Schrittl\u00e4nge zu messen, legt dir einen normalen G\u00fcrtel um den K\u00f6rper wo du den KG tragen m\u00f6chtest. Abh\u00e4nging vom Schrittstil, leg dir das flexible Messband entweder \u00fcber eine Ges\u00e4ssbacke (Jockstrap) oder durch das Ges\u00e4ss (Tanga). Miss von der Unterseite des G\u00fcrtels auf dem R\u00fccken bis zur Unterseite des G\u00fcrtels vorne (links: Jockstrap 49.5 cm, rechts: Tanga 45 cm).<\/p>\n<p>&nbsp;<\/p>\n<h5>Tube<\/h5>\n<p>Miss die L\u00e4nge und den Durchmesser des schlaffen Penis, z.B. mit einer Schieblehre. Die Tube wird auf diesen Durchmesser gefertigt, also bitte nichts abziehen vom Mass. Miss die Penisl\u00e4nge vom Schaft bis zur Spitze in einer geraden Linie. Die Tube wird ca. 1 cm k\u00fcrzer gefertigt als dieses Mass, um einen engen Sitz zu erreichen.<\/p>\n<p>&nbsp;<\/p>\n<h4>Unsicher \u00fcber die Tube Messungen?<\/h4>\n<p><img decoding=\"async\" class=\"wp-image-661 aligncenter\" src=\"https:\/\/kink-knack.com\/wp-content\/uploads\/2024\/05\/PXL_20240514_082632733-225x300.jpg\" alt=\"\" width=\"250\" height=\"334\" srcset=\"https:\/\/kink-knack.com\/wp-content\/uploads\/2024\/05\/PXL_20240514_082632733-225x300.jpg 225w, https:\/\/kink-knack.com\/wp-content\/uploads\/2024\/05\/PXL_20240514_082632733-768x1024.jpg 768w, https:\/\/kink-knack.com\/wp-content\/uploads\/2024\/05\/PXL_20240514_082632733-1152x1536.jpg 1152w, https:\/\/kink-knack.com\/wp-content\/uploads\/2024\/05\/PXL_20240514_082632733-1536x2048.jpg 1536w, https:\/\/kink-knack.com\/wp-content\/uploads\/2024\/05\/PXL_20240514_082632733-600x800.jpg 600w, https:\/\/kink-knack.com\/wp-content\/uploads\/2024\/05\/PXL_20240514_082632733-scaled.jpg 1920w\" sizes=\"(max-width: 250px) 100vw, 250px\" \/><\/p>\n<p>Wir offerieren einen 3D Plastik-Druckservice, bevor wir den K\u00e4fig in Metall drucken! Das Plastikmodell ist nicht als Ersatz f\u00fcr den KG gedacht, ist aber robust genug, um es mal anzuprobieren und die Messungen zu \u00fcberpr\u00fcfen. Du k\u00f6nntest Dir sogar mit Schnur und einem G\u00fcrtel einen KG basteln und das Tragegef\u00fchl simulieren.<\/p>\n<p>&nbsp;<\/p>\n<h4>FAQs<\/h4>\n<p><strong>Kann der KG eingestellt werden?<\/strong> Ja. Mittels G\u00fcrtell\u00f6cher kann der Umfang um ca. 5 cm ver\u00e4ndert werden. Das erscheint als nicht viel, aber bei einem engen Tragestil macht einer Ver\u00e4nderung von +- 1 cm sehr viel aus! Die Schrittkabel k\u00f6nnen mehrere Zentimeter ver\u00e4ndert werden.<\/p>\n<p><strong>Wie funktioniert das mit der Toilette?<\/strong> Die Perforation erlaubt ein normales Wasserlassen (sitzend!) mit ein wenig Reinigung danach. Beim Jockstrap ist der Anus frei f\u00fcr Nr. 2, beim Tanga werden die Schrittkabel ein wenig zur Seite gezogen.<\/p>\n<p><strong>Darf der KG nass werden?<\/strong> Nat\u00fcrlich. Die verwendeten Materialien sind korrosionsbest\u00e4ndiger Edelstahl 316L und medizinisches Silikon, gemacht, um 24\/7 getragen zu werden.<\/p>\n<p><strong>Ist der KG sichtbar?<\/strong> Nein, der SecondSkin ist komplett unsichtbar, sogar wenn nur mit Unterhose bekleidet (siehe Blog vom 25. Oktober!).<\/p>\n<p>&nbsp;<\/p>\n<h3>Mehr Fragen? Schreib uns einfach auf info@kink-knack.com!<\/h3>","protected":false},"excerpt":{"rendered":"<p>SecondSkin cage full chastity belt.<\/p>","protected":false},"featured_media":519,"template":"","meta":{"iawp_total_views":10921},"product_cat":[20],"product_tag":[21,38],"jetpack_sharing_enabled":true,"_links":{"self":[{"href":"https:\/\/kink-knack.com\/de\/wp-json\/wp\/v2\/product\/516"}],"collection":[{"href":"https:\/\/kink-knack.com\/de\/wp-json\/wp\/v2\/product"}],"about":[{"href":"https:\/\/kink-knack.com\/de\/wp-json\/wp\/v2\/types\/product"}],"wp:featuredmedia":[{"embeddable":true,"href":"https:\/\/kink-knack.com\/de\/wp-json\/wp\/v2\/media\/519"}],"wp:attachment":[{"href":"https:\/\/kink-knack.com\/de\/wp-json\/wp\/v2\/media?parent=516"}],"wp:term":[{"taxonomy":"product_cat","embeddable":true,"href":"https:\/\/kink-knack.com\/de\/wp-json\/wp\/v2\/product_cat?post=516"},{"taxonomy":"product_tag","embeddable":true,"href":"https:\/\/kink-knack.com\/de\/wp-json\/wp\/v2\/product_tag?post=516"}],"curies":[{"name":"wp","href":"https:\/\/api.w.org\/{rel}","templated":true}]}}