{"id":2413,"date":"2025-09-05T11:14:10","date_gmt":"2025-09-05T09:14:10","guid":{"rendered":"https:\/\/kink-knack.com\/?post_type=product&#038;p=2413"},"modified":"2026-02-24T18:06:13","modified_gmt":"2026-02-24T17:06:13","slug":"secondskin-shield","status":"publish","type":"product","link":"https:\/\/kink-knack.com\/de\/produkt\/secondskin-shield\/","title":{"rendered":"SecondSkin Schild"},"content":{"rendered":"<h4>Konzept<\/h4>\n<p>The SecondSkin is a shibari-inspired full chastity belt with a focus on comfort for everyday wear. Its unique flexible cable system makes the belt perfectly follow your anatomical lines, giving a tight and secure feeling, while not hindering your everyday movements. At the same time, the parallel wires distribute the pressure evenly to a wide area to avoid pressure points. With long-time wearing in mind, the SecondSkin puts special attention to hygiene: the parallel wires of the belt allow air circulation to reduce sweating. The split crotch cable options leave the anus free for normal toilet usage (but you can still add your favorite toys).<\/p>\n<p>Whether you wear the SecondSkin around your waist or hip, once locked on, you will simply feel the restriction of unforgiving metal encasing your most intimate part. Enjoy the bondage and frustration.<\/p>\n<p>&nbsp;<\/p>\n<h4>Welcher Stil ist der beste?<\/h4>\n<p>BITTE LIES DIE DETAILLIERTEN BESCHREIBUNGEN DER STILE IM HAUPTMENU.<\/p>\n<p>Der SecondSkin ist in 4 unterschiedlichen Stilen erh\u00e4ltlich: 2 verschiedene G\u00fcrtelh\u00f6hen (H\u00fcfte\/Taille) und 2 verschiedene Schrittkabelf\u00fchrungen (Jockstrap\/Tanga).<\/p>\n<p>H\u00fcfte: Die H\u00fcftversion erm\u00f6glicht Dir die gr\u00f6sste Bewegungsfreiheit, weil die Bewegung des Oberk\u00f6rpers haupts\u00e4chlich den Torso \u00fcber den H\u00fcften involviert. Stell Dir vor, wo du Deinen normalen Hoseng\u00fcrtel tr\u00e4gst, und wie du ihn normalerweise nicht sp\u00fcrst.<\/p>\n<p>Taille: Du wirst den G\u00fcrtel mehr sp\u00fcren, wenn du ihn um die Taille tr\u00e4gst. Der Oberk\u00f6rper bewegt sich hier mehr. Zus\u00e4tzlich wirst Du einen Korsett-Effekt sp\u00fcren, was nat\u00fcrlich beabsichtig sein kann.<\/p>\n<p>Jockstrap: Die Schrittkabel teilen sich beim Damm gleich nach dem K\u00e4fig. Das bedeutet, dass der Anus komplett frei bleibt und Toilette Nr. 2 normal funktioniert. Das Steissbein bleibt auch frei. Die Kabel werden dann \u00fcber die Ges\u00e4ssbacken gef\u00fchrt und verbinden sich seitlich mit dem Hauptg\u00fcrtel, wobei auch das Kreuzbein frei bleibt. Beim Sitzen sind die Kabel nicht sp\u00fcrbar.<\/p>\n<p>Tanga: Die Kabel werden l\u00e4nger zusammen gef\u00fchrt und gehen \u00fcber den Anus und das Steissbein. Sie teilen sich erst vor dem Kreuzbein, um die Knochen dort nicht zu belasten. Dieser Stil f\u00fchlt sich anders an und sieht auch anders aus, da das Ges\u00e4ss frei bleibt. F\u00fcr Toilette Nr. 2 kannst du die Schrittkabel etwas zur Seite ziehen.<\/p>\n<p>Unsere Empfehlung ist die Kombination H\u00fcfte\/Jockstrap f\u00fcr die beste Bewegungsfreiheit und Hygiene, aber wir richten uns nat\u00fcrlich gerne nach deinem Lieblingsstil.<\/p>\n<p>&nbsp;<\/p>\n<h4>Massgeschneidert<\/h4>\n<p>The length of the belt is cut to your measurements. There are a series of belt holes that let&#8217;s you adjust the circumference of the belt for days where you just need a bit more or less slack. The anatomically shaped vulva shield is 3D printed to your specific body measurements to ensure a snug fit. The shield has cable length adjustment points on both ends, so you can independently lengthen or shorten the crotch cable above and below the shield for a perfect position.<\/p>\n<p>&nbsp;<\/p>\n<h4>Dauerhafte Materialien<\/h4>\n<p>Die Edelstahlseile sind mit medizinischem Silikon ummantelt. Silikon kann unvertr\u00e4glich sein mit anderen Materialien (z.B. Silikon-\u00d6l). Falls du ein anderes Material m\u00f6chtest, kontaktiere bitte kink-knack.<\/p>\n<p>Alle Metallteile sind aus korrosionsresistentem und hautfreundlichen Edelstahl 316L (\"Chirurgenstahl\"). Das Schloss ist aus Zink\/Nickel.<\/p>\n<p>&nbsp;<\/p>\n<h4>Unsichtbar<\/h4>\n<p>Der SecondSkin wird eng um die H\u00fcfte\/Taille getragen mit einem satten Sitz durch den Schritt. Mit dem ultraflachen Verschlussystem ist der KG komplett unsichtbar unter normaler Kleidung!<\/p>\n<p>&nbsp;<\/p>\n<h4>Zubeh\u00f6r<\/h4>\n<p>Die Befestigungsteile erlauben es dir, deine Lieblingssspielzeuge an den KG anzuschliessen, z.B. Handschellen, Schenkelb\u00e4nder, oder einfach als sonstige Fixierpunkte.<\/p>\n<p>&nbsp;<\/p>\n<h4>Technische Spezifikationen<\/h4>\n<p><strong>Chastity shield:<\/strong> 3D-gedruckt in Edelstahl 316L, innen und aussen poliert<\/p>\n<p><strong>Flexibler shibari-style G\u00fcrtel:<\/strong> stainless steel wires covered with medical-grade silicone, 30 mm wide<\/p>\n<p><strong>Einstellungen:<\/strong> belt adjustable with belt holes, crotch length adjustable through cable attachments in shield<\/p>\n<p><strong>Schloss:<\/strong> Push-Pin Tubularschloss mit schl\u00fcssellosem Verschluss, Zink\/Nickel<\/p>\n<p>&nbsp;<\/p>\n<h4>Diskretionsgarantie<\/h4>\n<p>G\u00fcrtel von kink-knack werden in neutraler Verpackung verschickt. Wir deklarieren unser Produkt als 'custom steel fabrication' (Stahlanfertigung) f\u00fcr den internationalen Versand.<\/p>\n<p>&nbsp;<\/p>\n<h4>Wie messen<\/h4>\n<h5>Umfang<\/h5>\n<p>Um den Umfang des G\u00fcrtels zu messen, nimm ein flexibles Messband und leg es dir dort um den K\u00f6rper, wo du den G\u00fcrtel tragen m\u00f6chtest. Das Messband sollte eng anliegen aber nicht einschneiden. Dann das Mass ablesen (oben: H\u00fcfte 79 cm, unten: Taille 71.5 cm).<\/p>\n<p>&nbsp;<\/p>\n<h5>Schrittl\u00e4nge<\/h5>\n<p>Um die Schrittl\u00e4nge zu messen, legt dir einen normalen G\u00fcrtel um den K\u00f6rper wo du den KG tragen m\u00f6chtest. Abh\u00e4nging vom Schrittstil, leg dir das flexible Messband entweder \u00fcber eine Ges\u00e4ssbacke (Jockstrap) oder durch das Ges\u00e4ss (Tanga). Miss von der Unterseite des G\u00fcrtels auf dem R\u00fccken bis zur Unterseite des G\u00fcrtels vorne (links: Jockstrap 49.5 cm, rechts: Tanga 45 cm).<\/p>\n<p>&nbsp;<\/p>\n<h5>Shield<\/h5>\n<p>Coming soon.<\/p>\n<p>&nbsp;<\/p>\n<h4>Unsure about the cage measurements?<\/h4>\n<p><img fetchpriority=\"high\" decoding=\"async\" class=\"size-medium wp-image-2414 aligncenter\" src=\"https:\/\/kink-knack.com\/wp-content\/uploads\/2025\/09\/PXL_20250905_092227719-225x300.jpg\" alt=\"\" width=\"225\" height=\"300\" srcset=\"https:\/\/kink-knack.com\/wp-content\/uploads\/2025\/09\/PXL_20250905_092227719-225x300.jpg 225w, https:\/\/kink-knack.com\/wp-content\/uploads\/2025\/09\/PXL_20250905_092227719-768x1024.jpg 768w, https:\/\/kink-knack.com\/wp-content\/uploads\/2025\/09\/PXL_20250905_092227719-1152x1536.jpg 1152w, https:\/\/kink-knack.com\/wp-content\/uploads\/2025\/09\/PXL_20250905_092227719-1536x2048.jpg 1536w, https:\/\/kink-knack.com\/wp-content\/uploads\/2025\/09\/PXL_20250905_092227719-9x12.jpg 9w, https:\/\/kink-knack.com\/wp-content\/uploads\/2025\/09\/PXL_20250905_092227719-600x800.jpg 600w, https:\/\/kink-knack.com\/wp-content\/uploads\/2025\/09\/PXL_20250905_092227719-scaled.jpg 1920w\" sizes=\"(max-width: 225px) 100vw, 225px\" \/><\/p>\n<p>We offer a service to 3D-print your shield in plastic before producing it in metal! The plastic model is not meant to be worn as a chastity belt, but is sturdy enough to be put on so you can check the dimensions. You may even use a belt and some string to simulate how the shield feels when held in place as in the real belt.<\/p>\n<p>&nbsp;<\/p>\n<h4>FAQs<\/h4>\n<p><strong>Kann der KG eingestellt werden?<\/strong> Ja. Mittels G\u00fcrtell\u00f6cher kann der Umfang um ca. 5 cm ver\u00e4ndert werden. Das erscheint als nicht viel, aber bei einem engen Tragestil macht einer Ver\u00e4nderung von +- 1 cm sehr viel aus! Die Schrittkabel k\u00f6nnen mehrere Zentimeter ver\u00e4ndert werden.<\/p>\n<p><strong>Wie funktioniert das mit der Toilette?<\/strong> It is highly recommended to use e.g. a plastic syringe to push water through the shield for cleaning after toilet. For number 2, with the jockstrap design the anus is kept free, and with the thong design, simply pull the cables a bit to the side.<\/p>\n<p><strong>Darf der KG nass werden?<\/strong> Nat\u00fcrlich. Die verwendeten Materialien sind korrosionsbest\u00e4ndiger Edelstahl 316L und medizinisches Silikon, gemacht, um 24\/7 getragen zu werden.<\/p>\n<p><strong>Ist der KG sichtbar?<\/strong> No, the SecondSkin is completely invisible.<\/p>\n<p>&nbsp;<\/p>\n<h3>Mehr Fragen? Schreib uns einfach auf info@kink-knack.com!<\/h3>","protected":false},"excerpt":{"rendered":"<p>SecondSkin Shield full chastity belt.<\/p>","protected":false},"featured_media":2778,"template":"","meta":{"iawp_total_views":541},"product_cat":[20],"product_tag":[21,38,39],"jetpack_sharing_enabled":true,"_links":{"self":[{"href":"https:\/\/kink-knack.com\/de\/wp-json\/wp\/v2\/product\/2413"}],"collection":[{"href":"https:\/\/kink-knack.com\/de\/wp-json\/wp\/v2\/product"}],"about":[{"href":"https:\/\/kink-knack.com\/de\/wp-json\/wp\/v2\/types\/product"}],"wp:featuredmedia":[{"embeddable":true,"href":"https:\/\/kink-knack.com\/de\/wp-json\/wp\/v2\/media\/2778"}],"wp:attachment":[{"href":"https:\/\/kink-knack.com\/de\/wp-json\/wp\/v2\/media?parent=2413"}],"wp:term":[{"taxonomy":"product_cat","embeddable":true,"href":"https:\/\/kink-knack.com\/de\/wp-json\/wp\/v2\/product_cat?post=2413"},{"taxonomy":"product_tag","embeddable":true,"href":"https:\/\/kink-knack.com\/de\/wp-json\/wp\/v2\/product_tag?post=2413"}],"curies":[{"name":"wp","href":"https:\/\/api.w.org\/{rel}","templated":true}]}}