{"id":2309,"date":"2025-09-01T15:04:26","date_gmt":"2025-09-01T13:04:26","guid":{"rendered":"https:\/\/kink-knack.com\/?post_type=product&#038;p=2309"},"modified":"2026-02-27T16:04:49","modified_gmt":"2026-02-27T15:04:49","slug":"locking-belt","status":"publish","type":"product","link":"https:\/\/kink-knack.com\/de\/produkt\/locking-belt\/","title":{"rendered":"Abschliessbarer G\u00fcrtel"},"content":{"rendered":"<h4>Bringt frischen Wind in euren BDSM Alltag mit diesen modischen abschliessbaren G\u00fcrteln!<\/h4>\n<p>Spielt mit einer neuen Art der Kontrolle, bei der der\/die Tr\u00e4ger*in um Erlaubnis fragen muss, um ein Kleidungsst\u00fcck auszuziehen. Das Design des G\u00fcrtels ist extra schlicht gehalten, damit es in der \u00d6ffentlichkeit nicht auff\u00e4llt und im Alltag getragen werden kann. Ihr aber seid euch bewusst, dass der G\u00fcrtel nur mit dem richtigen Schl\u00fcssel ge\u00f6ffnet werden kann... eine konstante Erinnerung, wer die Kontrolle hat.<\/p>\n<p>Wir fertigen die G\u00fcrtel auf deine gew\u00fcnschte L\u00e4nge f\u00fcr den perfekten Fit. Die Bilder zeigen nur ein paar Variationen. Wir bieten den G\u00fcrten in schwarzem und braunem Leder an sowie in verschiedenen Farben von veganem Biothane (eventuell sind nicht alle Gr\u00f6ssen in allen Farben verf\u00fcgbar).\nDie G\u00fcrtel sind in 3 verschiedenen Breiten erh\u00e4ltlich:<br \/>\n- 38 mm (1.5 inch), eine markante Breite, die Aufmerksamkeit auf den G\u00fcrtel lenkt<br \/>\n- 30 mm (1.2 inch), die normale Breite f\u00fcr Anziehhosen<br \/>\n- 19 mm (0.75 inch), ein schmaler Dekog\u00fcrtel f\u00fcr Hosen und Kleider<\/p>\n<p>Das Qualit\u00e4tsschloss ist ein push-pin Schloss, welches ohne Schl\u00fcssel geschlossen werden kann. Pro G\u00fcrtel werden zwei Schl\u00fcssel mitgeliefert.<\/p>\n<h4>Wie messen<\/h4>\n<p>Miss den Umfang dort, wo du den G\u00fcrtel tragen m\u00f6chtest. Dieses Mass definiert die L\u00e4nge von der Mitte der Schnalle zur Mitte der Gurtl\u00f6cher, so dass du den G\u00fcrtel um dieses Mass enger und weiter tragen kannst.<\/p>\n<p>&nbsp;<\/p>\n<h3>Mehr Fragen? Schreib uns einfach auf info@kink-knack.com!<\/h3>","protected":false},"excerpt":{"rendered":"<p>Locking belt.<\/p>","protected":false},"featured_media":2319,"template":"","meta":{"iawp_total_views":1891},"product_cat":[30],"product_tag":[21,37,36],"jetpack_sharing_enabled":true,"_links":{"self":[{"href":"https:\/\/kink-knack.com\/de\/wp-json\/wp\/v2\/product\/2309"}],"collection":[{"href":"https:\/\/kink-knack.com\/de\/wp-json\/wp\/v2\/product"}],"about":[{"href":"https:\/\/kink-knack.com\/de\/wp-json\/wp\/v2\/types\/product"}],"wp:featuredmedia":[{"embeddable":true,"href":"https:\/\/kink-knack.com\/de\/wp-json\/wp\/v2\/media\/2319"}],"wp:attachment":[{"href":"https:\/\/kink-knack.com\/de\/wp-json\/wp\/v2\/media?parent=2309"}],"wp:term":[{"taxonomy":"product_cat","embeddable":true,"href":"https:\/\/kink-knack.com\/de\/wp-json\/wp\/v2\/product_cat?post=2309"},{"taxonomy":"product_tag","embeddable":true,"href":"https:\/\/kink-knack.com\/de\/wp-json\/wp\/v2\/product_tag?post=2309"}],"curies":[{"name":"wp","href":"https:\/\/api.w.org\/{rel}","templated":true}]}}