{"id":2292,"date":"2025-08-18T22:02:24","date_gmt":"2025-08-18T20:02:24","guid":{"rendered":"https:\/\/kink-knack.com\/?post_type=product&#038;p=2292"},"modified":"2026-02-01T23:10:49","modified_gmt":"2026-02-01T22:10:49","slug":"single-metal-cage","status":"publish","type":"product","link":"https:\/\/kink-knack.com\/de\/produkt\/single-metal-cage\/","title":{"rendered":"Metallk\u00e4fig einzeln"},"content":{"rendered":"<h4>Need a new tube?<\/h4>\n<p>&nbsp;<\/p>\n<p><strong>K\u00e4figspitzen-Stile<\/strong><\/p>\n<p>BITTE LIES DIE DETAILLIERTEN BESCHREIBUNGEN DER STILE IM HAUPTMENU.<\/p>\n<p>Es sind 4 verschiedene Stile der Spitze verf\u00fcgbar: perforiert, perforiert vergr\u00f6ssert, Langloch und offen.<\/p>\n<p>Perforiert: Die Perforierung der Tube setzt sich an der Spitze fort. Durch die kleinen L\u00f6cher wird keine Haut gedr\u00fcckt, die irgendwo eingeklemmt werden k\u00f6nnte.<\/p>\n<p>Perforiert vergr\u00f6ssert: F\u00fcr einen verbesserten Abfluss bieten wir diesen Stil an, bei dem die L\u00f6cher gegen die Mitte gr\u00f6sser werden.<\/p>\n<p>Langloch: Das \u00fcbliche Langloch, falls du damit zufrieden bist.<\/p>\n<p>Offen (experimentell): Eine offene Spitze mit mehreren grossen L\u00f6chern, falls mehr Zugang erw\u00fcnscht ist.<\/p>\n<p>Unsere Empfehlung ist die Mesh Perforierung f\u00fcr die h\u00f6chste Sicherheit ohne Einklemmen, aber du entscheidest, welchen Stil du m\u00f6chtest.<\/p>\n<p>Ein Wort zu den \"offenen\" Hoden. Die Hoden werden durch ein Loch hinter der Tube gef\u00e4delt, wo sie sich bequem in praktisch ihre nat\u00fcrliche Position begeben. Aufgrund ihrer Temperaturregulierung bewegen sich Hoden normalerweise mehrmals pro Tag vom K\u00f6rper weg oder n\u00e4her zum K\u00f6rper (ein schlaffer oder strammer Hodensack). Der K\u00e4fig schr\u00e4nkt diese Bewegung nicht ein. Das ist eine bewusste Entscheidung, um den K\u00e4fig komfortabler zu machen. Es kann nun aber passieren, dass ein oder beide Hoden tempor\u00e4r aus dem B\u00fcgel \"ausf\u00e4deln\" und sp\u00e4ter wieder einf\u00e4deln. Das ist normal. Falls du dir unsicher bist, wie sich das anf\u00fchlt und ob das bequem ist  f\u00fcr dich, empfehlen wir die Anprobe mit einem Plastik Testk\u00e4fig vor der Bestellung des KGs in Metall.<\/p>\n<p>&nbsp;<\/p>\n<p><strong>Sicherheit<br \/>\n<\/strong><\/p>\n<p>Bitte sei VORSICHTIG wenn du den Plastikk\u00e4fig ausprobierst! Obwohl der Plastik robust und flexibel ist und einiger Belastung standhalten kann, kann er unter zu grossen Kr\u00e4ften brechen. Die Tube selber ist sehr stabil, jedoch k\u00f6nnten die seitlichen Tr\u00e4ger brechen, falls du z.B. dich darauf setzt. Bewege dich langsam, wenn du den K\u00e4fig am K\u00f6rper fixiert hast, um Brechbewegungen zu vermeiden. Du tr\u00e4gst den Plastikk\u00e4fig auf deine eigene Verantwortung; kink-knack ist nicht verantwortlich f\u00fcr jegliche Sch\u00e4den verursacht durch den Plastikk\u00e4fig!<\/p>\n<p>&nbsp;<\/p>\n<h4>Wie messen<\/h4>\n<p>Miss die L\u00e4nge und den Durchmesser des schlaffen Penis, z.B. mit einer Schieblehre. Die Tube wird auf diesen Durchmesser gefertigt, also bitte nichts abziehen vom Mass. Miss die Penisl\u00e4nge vom Schaft bis zur Spitze in einer geraden Linie. Die Tube wird ca. 1 cm k\u00fcrzer gefertigt als dieses Mass, um einen engen Sitz zu erreichen.<\/p>\n<p>&nbsp;<\/p>\n<h3>Mehr Fragen? Schreib uns einfach auf info@kink-knack.com!<\/h3>","protected":false},"excerpt":{"rendered":"<p>Plastic test tube.<\/p>","protected":false},"featured_media":1741,"template":"","meta":{"iawp_total_views":817},"product_cat":[28],"product_tag":[33,34,35],"jetpack_sharing_enabled":true,"_links":{"self":[{"href":"https:\/\/kink-knack.com\/de\/wp-json\/wp\/v2\/product\/2292"}],"collection":[{"href":"https:\/\/kink-knack.com\/de\/wp-json\/wp\/v2\/product"}],"about":[{"href":"https:\/\/kink-knack.com\/de\/wp-json\/wp\/v2\/types\/product"}],"wp:featuredmedia":[{"embeddable":true,"href":"https:\/\/kink-knack.com\/de\/wp-json\/wp\/v2\/media\/1741"}],"wp:attachment":[{"href":"https:\/\/kink-knack.com\/de\/wp-json\/wp\/v2\/media?parent=2292"}],"wp:term":[{"taxonomy":"product_cat","embeddable":true,"href":"https:\/\/kink-knack.com\/de\/wp-json\/wp\/v2\/product_cat?post=2292"},{"taxonomy":"product_tag","embeddable":true,"href":"https:\/\/kink-knack.com\/de\/wp-json\/wp\/v2\/product_tag?post=2292"}],"curies":[{"name":"wp","href":"https:\/\/api.w.org\/{rel}","templated":true}]}}