{"id":2674,"date":"2025-12-26T11:41:25","date_gmt":"2025-12-26T10:41:25","guid":{"rendered":"https:\/\/kink-knack.com\/?page_id=2674"},"modified":"2025-12-26T12:48:07","modified_gmt":"2025-12-26T11:48:07","slug":"shipping","status":"publish","type":"page","link":"https:\/\/kink-knack.com\/de\/shipping\/","title":{"rendered":"Produktion &amp; Lieferung"},"content":{"rendered":"<div data-elementor-type=\"wp-page\" data-elementor-id=\"2674\" class=\"elementor elementor-2674\">\n\t\t\t\t<div class=\"elementor-element elementor-element-67fb2f7 e-flex e-con-boxed e-con e-parent\" data-id=\"67fb2f7\" data-element_type=\"container\">\n\t\t\t\t\t<div class=\"e-con-inner\">\n\t\t\t\t<div class=\"elementor-element elementor-element-7fb4a03 elementor-widget elementor-widget-text-editor\" data-id=\"7fb4a03\" data-element_type=\"widget\" data-widget_type=\"text-editor.default\">\n\t\t\t\t<div class=\"elementor-widget-container\">\n\t\t\t<style>\/*! elementor - v3.21.0 - 30-04-2024 *\/\n.elementor-widget-text-editor.elementor-drop-cap-view-stacked .elementor-drop-cap{background-color:#69727d;color:#fff}.elementor-widget-text-editor.elementor-drop-cap-view-framed .elementor-drop-cap{color:#69727d;border:3px solid;background-color:transparent}.elementor-widget-text-editor:not(.elementor-drop-cap-view-default) .elementor-drop-cap{margin-top:8px}.elementor-widget-text-editor:not(.elementor-drop-cap-view-default) .elementor-drop-cap-letter{width:1em;height:1em}.elementor-widget-text-editor .elementor-drop-cap{float:left;text-align:center;line-height:1;font-size:50px}.elementor-widget-text-editor .elementor-drop-cap-letter{display:inline-block}<\/style>\t\t\t\t<p><strong>Produktionszeit<\/strong><\/p><p>Alle Produktionszeiten auf dieser Website sind nur Sch\u00e4tzungen. Die \u00fcblichen Produktionszeiten f\u00fcr Produkte von kink-knack sind:<\/p><p>Test Kits: 2 Wochen<\/p><p>Keuschheitsg\u00fcrtel: 12 Wochen<\/p><p>Abschliessbare G\u00fcrtel: 3 Wochen<\/p><p>Diese Zeiten schliessen nur die Produktion ein und sind exklusiv Lieferung. Falls die Produktion eines Produktes l\u00e4nger dauert als angegeben, wird kink-knack dich \u00fcber den Verzug informieren. <em>Bitte kontaktiere nicht kink-knack bez\u00fcglich dem Status deiner Bestellung wenn diese sich noch innerhalb der Produktionzeit befindet.<\/em><\/p><p><strong>Lieferung<\/strong><\/p><p>Sendungen innerhalb der Schweiz treffen in der Regel innerhalb von 2 Werktagen ein. Bei Sendungen ausserhalb der Schweiz kann die Lieferzeit zwischen 5 und etwa 15 Werktagen variieren. Bitte beachten Sie, dass die Lieferzeiten ausserhalb des Einflussbereichs von kink-knack liegen. Obwohl wir uns in angemessener Weise bem\u00fchen, die Lieferung mit der angegebenen Versandmethode innerhalb des angegebenen Zeitraums zu organisieren, \u00fcbernehmen wir keine Haftung f\u00fcr das Nichteinhalten dieser Lieferzeiten.\n\nDie Lieferung der bestellten Produkte gilt als erfolgt, sobald diese an die in der Bestellung angegebene Adresse oder an einen vom Versanddienstleister nach vern\u00fcnftigem Ermessen bestimmten alternativen Zustellort geliefert wurden. Nach dem Aufgabe liegt die Verantwortung f\u00fcr die Zustellung des Pakets beim jeweiligen Versanddienstleister. Kink-knack bem\u00fcht sich, alle erforderlichen Unterlagen bereitzustellen, um eine reibungslose Lieferung zu erm\u00f6glichen, ist jedoch dar\u00fcber hinaus nicht f\u00fcr Verz\u00f6gerungen beim Versand verantwortlich.\n\nBitte beachte, dass kink-knack eine einfache Nachverfolgung des Versandstatus eines Pakets durchf\u00fchren kann. Weitergehende Nachforschungen sind in der Regel mit Geb\u00fchren seitens des Versanddienstleisters verbunden, welche dem Kunden in Rechnung gestellt werden. Kink-knack ist bereit, bei Versandproblemen unterst\u00fctzend t\u00e4tig zu werden, die Behandlung solcher Anliegen erfolgt jedoch nach Ermessen von kink-knack. S\u00e4mtliche daraus entstehenden zus\u00e4tzlichen Versandkosten gehen zu Lasten des K\u00e4ufers.\u00a0<\/p><p><strong>Einfuhrz\u00f6lle &amp; Zolltarifnummern<\/strong><\/p><p>Internationale Sendungen unterliegen Einfuhrz\u00f6llen und Abgaben. Diese variieren je nach Land und sind nicht im Verkaufspreis der Produkte in diesem Webshop enthalten. Die entsprechenden Abgaben werden in der Regel vom zust\u00e4ndigen Zoll direkt bei der Zustellung, bei der Abholung oder nachtr\u00e4glich per Rechnung dem Kunden in Rechnung gestellt. Es liegt in der Verantwortung der Kunden, sich \u00fcber die geltenden Einfuhrz\u00f6lle und Abgaben ihres Landes zu informieren. Kink-knack \u00fcbernimmt keine Verantwortung f\u00fcr zus\u00e4tzliche Kosten, die \u00fcber den Verkaufspreis (Produkt + Versand) hinaus entstehen. Kink-knack verwendet den Produktpreis als \u201eWarenwert\u201c und nutzt f\u00fcr internationale Sendungen die folgenden Deklarationen und HS-Codes f\u00fcr die Produkte:<\/p><p>Test Kits: \"Kunststoffgeh\u00e4use\" (HS 3926.90, f\u00fcr Zubeh\u00f6r aus Plastik und dekorative Kunststoffelemente)<\/p><p>Keuschheitsg\u00fcrtel: \"Zierg\u00fcrtel Metallanfertigung\" (HS 7117.19.9000, f\u00fcr Modeschmuck aus unedlem Metall)<\/p><p>Halsband, Handgelenkb\u00e4nder, Fussgelenkb\u00e4nder, Oberschenkelb\u00e4nder: \"Zierschmuck Metallanfertigung\" (HS 7117.19.9000)<\/p><p>Abschliessbarer G\u00fcrtel: \"G\u00fcrtel\" (HS 6217.10.00, f\u00fcr Bekleidungszubeh\u00f6r einschliesslich normale G\u00fcrtel)<\/p><p>K\u00e4fig\/Schild einzeln: \"Metallgeh\u00e4use Edelstahl\" (HS 7326.90, f\u00fcr Metallgeh\u00e4use)<\/p><p>Importz\u00f6lle variieren zwischen 10% - 25% oder mehr, abh\u00e4ngig vom Einfuhrland. Du kannst die Zolltarifnummern benutzen, um die Z\u00f6lle in deinem Land zu \u00fcberpr\u00fcfen und \u00dcberraschungen zu vermeiden.<\/p><p><span style=\"text-decoration: underline;\">F\u00fcr Kunden der USA<\/span>: Bitte kontaktiere kink-knack vor der Bestellung; die aktuelle Handelsbeziehung erschwert die Zustellung.<\/p><p><strong>Postdienst &amp; Tracking<\/strong><\/p><p>Kink-knack versendet mit der Schweizer Post, welche f\u00fcr die Zustellung im Zielland mit lokalen Versanddienstleistern zusammenarbeitet. Alle Produkte mit Ausnahme der Testkits werden mit einer Sendungsverfolgungsnummer versendet, die an die bei der Bestellung angegebene E-Mail-Adresse \u00fcbermittelt wird. Kink-knack kann und wird nicht f\u00fcr Versand- oder Zollverz\u00f6gerungen sowie f\u00fcr nicht zustellbare Sendungen haftbar gemacht werden, nachdem das Paket versandt und eine Sendungsverfolgungsnummer bereitgestellt wurde. Sollte eine Sendung trotz bereitgestellter Sendungsverfolgungsnummer nicht eintreffen, liegt es in der Verantwortung des K\u00e4ufers, sich mit dem zust\u00e4ndigen Versanddienstleister in seinem Wohnsitzland in Verbindung zu setzen.<\/p>\t\t\t\t\t\t<\/div>\n\t\t\t\t<\/div>\n\t\t\t\t\t<\/div>\n\t\t\t\t<\/div>\n\t\t<div class=\"elementor-element elementor-element-754e220 e-flex e-con-boxed e-con e-parent\" data-id=\"754e220\" data-element_type=\"container\" data-settings=\"{&quot;shape_divider_bottom&quot;:&quot;pyramids&quot;}\">\n\t\t\t\t\t<div class=\"e-con-inner\">\n\t\t\t\t<div class=\"elementor-shape elementor-shape-bottom\" data-negative=\"false\">\n\t\t\t<svg xmlns=\"http:\/\/www.w3.org\/2000\/svg\" viewbox=\"0 0 1000 100\" preserveaspectratio=\"none\">\n\t<path class=\"elementor-shape-fill\" d=\"M761.9,44.1L643.1,27.2L333.8,98L0,3.8V0l1000,0v3.9\"\/>\n<\/svg>\t\t<\/div>\n\t\t\t\t\t<\/div>\n\t\t\t\t<\/div>\n\t\t\t\t<\/div>","protected":false},"excerpt":{"rendered":"<p>Lead Time Any delivery times on this website are indicative and estimated only. The usual lead times for kink-knack products are the following: Test kits: 2 weeks Chastity belts: 12 weeks Locking belts: 3 weeks These times represent the production times and do not include the shipping. If the production of any product takes longer [&hellip;]<\/p>","protected":false},"author":1,"featured_media":0,"parent":0,"menu_order":0,"comment_status":"closed","ping_status":"closed","template":"elementor_canvas","meta":{"iawp_total_views":126,"footnotes":""},"jetpack_sharing_enabled":true,"_links":{"self":[{"href":"https:\/\/kink-knack.com\/de\/wp-json\/wp\/v2\/pages\/2674"}],"collection":[{"href":"https:\/\/kink-knack.com\/de\/wp-json\/wp\/v2\/pages"}],"about":[{"href":"https:\/\/kink-knack.com\/de\/wp-json\/wp\/v2\/types\/page"}],"author":[{"embeddable":true,"href":"https:\/\/kink-knack.com\/de\/wp-json\/wp\/v2\/users\/1"}],"replies":[{"embeddable":true,"href":"https:\/\/kink-knack.com\/de\/wp-json\/wp\/v2\/comments?post=2674"}],"version-history":[{"count":8,"href":"https:\/\/kink-knack.com\/de\/wp-json\/wp\/v2\/pages\/2674\/revisions"}],"predecessor-version":[{"id":2694,"href":"https:\/\/kink-knack.com\/de\/wp-json\/wp\/v2\/pages\/2674\/revisions\/2694"}],"wp:attachment":[{"href":"https:\/\/kink-knack.com\/de\/wp-json\/wp\/v2\/media?parent=2674"}],"curies":[{"name":"wp","href":"https:\/\/api.w.org\/{rel}","templated":true}]}}